{"id":160,"date":"2020-04-03T06:06:56","date_gmt":"2020-04-03T06:06:56","guid":{"rendered":"http:\/\/neu.spanferkelservice-brinckmann.de\/?page_id=160"},"modified":"2021-06-23T08:09:24","modified_gmt":"2021-06-23T08:09:24","slug":"speisekarte","status":"publish","type":"page","link":"https:\/\/www.spanferkelservice-brinckmann.de\/?page_id=160","title":{"rendered":"Speisekarte"},"content":{"rendered":"\n<p class=\"has-text-align-left\">Wegen \u00dcberarbeitung der Speisekarte derzeit keine Online Einsicht.<\/p>\n\n\n\n<div class=\"wp-block-group is-layout-flow wp-block-group-is-layout-flow\"><div class=\"wp-block-group__inner-container\"><\/div><\/div>\n\n\n\n<p>F\u00fcr gr\u00f6\u00dfere Veranstalltungen erfragen Sie bitte unsere g\u00fcnstigen Sonderkonditionen. <\/p>\n\n\n\n<p>Alle Preise sind Abholpreise Krems 1, inkl. MwSt.Ein Warmehaltevorrichtung stellen wir Ihnen gerne leihweise zur Verf\u00fcgung!<\/p>\n\n\n\n<p>Auf Wunsch: Lieferung, Portionierung sowie Ausgabe vor Ort, gegen Geb\u00fchr. Sollten Sie unsere R\u00e4umlichkeiten anmieten:<\/p>\n\n\n\n<p>Wir weisen darauf hin, dass wir keinen Getr\u00e4nkeausschank betreiben.          ( Getr\u00e4nke sind vom Veranstalter selbst mitzubringen)<\/p>\n\n\n\n<p>M\u00f6chten Sie eine Bestellung aufgeben so melden sie sich telefonisch bei uns.<\/p>\n","protected":false},"excerpt":{"rendered":"<p>Wegen \u00dcberarbeitung der Speisekarte derzeit keine Online Einsicht.<\/p>\n<p>F\u00fcr gr\u00f6\u00dfere Veranstalltungen erfragen Sie bitte unsere g\u00fcnstigen Sonderkonditionen. <\/p>\n<p>Alle Preise sind Abholpreise Krems 1, inkl. MwSt.Ein Warmehaltevorrichtung stellen wir Ihnen gerne leihweise &#8230;<\/p>\n","protected":false},"author":1,"featured_media":0,"parent":0,"menu_order":0,"comment_status":"closed","ping_status":"closed","template":"","meta":{"footnotes":""},"class_list":["post-160","page","type-page","status-publish","hentry"],"jetpack_sharing_enabled":true,"_links":{"self":[{"href":"https:\/\/www.spanferkelservice-brinckmann.de\/index.php?rest_route=\/wp\/v2\/pages\/160","targetHints":{"allow":["GET"]}}],"collection":[{"href":"https:\/\/www.spanferkelservice-brinckmann.de\/index.php?rest_route=\/wp\/v2\/pages"}],"about":[{"href":"https:\/\/www.spanferkelservice-brinckmann.de\/index.php?rest_route=\/wp\/v2\/types\/page"}],"author":[{"embeddable":true,"href":"https:\/\/www.spanferkelservice-brinckmann.de\/index.php?rest_route=\/wp\/v2\/users\/1"}],"replies":[{"embeddable":true,"href":"https:\/\/www.spanferkelservice-brinckmann.de\/index.php?rest_route=%2Fwp%2Fv2%2Fcomments&post=160"}],"version-history":[{"count":9,"href":"https:\/\/www.spanferkelservice-brinckmann.de\/index.php?rest_route=\/wp\/v2\/pages\/160\/revisions"}],"predecessor-version":[{"id":215,"href":"https:\/\/www.spanferkelservice-brinckmann.de\/index.php?rest_route=\/wp\/v2\/pages\/160\/revisions\/215"}],"wp:attachment":[{"href":"https:\/\/www.spanferkelservice-brinckmann.de\/index.php?rest_route=%2Fwp%2Fv2%2Fmedia&parent=160"}],"curies":[{"name":"wp","href":"https:\/\/api.w.org\/{rel}","templated":true}]}}