{"id":22,"date":"2020-03-30T10:13:05","date_gmt":"2020-03-30T10:13:05","guid":{"rendered":"http:\/\/neu.spanferkelservice-brinckmann.de\/?page_id=22"},"modified":"2020-03-30T10:42:36","modified_gmt":"2020-03-30T10:42:36","slug":"willkommen","status":"publish","type":"page","link":"https:\/\/www.spanferkelservice-brinckmann.de\/","title":{"rendered":"Willkommen"},"content":{"rendered":"\n<p>&#8222;Schwein gehabt\u201c, hier sind Sie genau richtig. <\/p>\n\n\n\n<p class=\"has-text-align-left has-normal-font-size\">Auf den nachfolgenden Seiten zeigen wir Ihnen die beste Seite am Schwein.<br>Lassen Sie sich kulinarisch verw\u00f6hnen, Ihre G\u00e4ste werden Ihnen f\u00fcr diesen Gaumenschmaus danken.<\/p>\n","protected":false},"excerpt":{"rendered":"<p>&#8222;Schwein gehabt\u201c, hier sind Sie genau richtig. <\/p>\n<p>Auf den nachfolgenden Seiten zeigen wir Ihnen die beste Seite am Schwein.Lassen Sie sich kulinarisch verw\u00f6hnen, Ihre G\u00e4ste werden Ihnen f\u00fcr diesen Gaumenschmaus &#8230;<\/p>\n","protected":false},"author":1,"featured_media":0,"parent":0,"menu_order":0,"comment_status":"closed","ping_status":"closed","template":"","meta":{"footnotes":""},"class_list":["post-22","page","type-page","status-publish","hentry"],"jetpack_sharing_enabled":true,"_links":{"self":[{"href":"https:\/\/www.spanferkelservice-brinckmann.de\/index.php?rest_route=\/wp\/v2\/pages\/22","targetHints":{"allow":["GET"]}}],"collection":[{"href":"https:\/\/www.spanferkelservice-brinckmann.de\/index.php?rest_route=\/wp\/v2\/pages"}],"about":[{"href":"https:\/\/www.spanferkelservice-brinckmann.de\/index.php?rest_route=\/wp\/v2\/types\/page"}],"author":[{"embeddable":true,"href":"https:\/\/www.spanferkelservice-brinckmann.de\/index.php?rest_route=\/wp\/v2\/users\/1"}],"replies":[{"embeddable":true,"href":"https:\/\/www.spanferkelservice-brinckmann.de\/index.php?rest_route=%2Fwp%2Fv2%2Fcomments&post=22"}],"version-history":[{"count":4,"href":"https:\/\/www.spanferkelservice-brinckmann.de\/index.php?rest_route=\/wp\/v2\/pages\/22\/revisions"}],"predecessor-version":[{"id":53,"href":"https:\/\/www.spanferkelservice-brinckmann.de\/index.php?rest_route=\/wp\/v2\/pages\/22\/revisions\/53"}],"wp:attachment":[{"href":"https:\/\/www.spanferkelservice-brinckmann.de\/index.php?rest_route=%2Fwp%2Fv2%2Fmedia&parent=22"}],"curies":[{"name":"wp","href":"https:\/\/api.w.org\/{rel}","templated":true}]}}