{"id":25,"date":"2020-03-30T10:13:05","date_gmt":"2020-03-30T10:13:05","guid":{"rendered":"http:\/\/neu.spanferkelservice-brinckmann.de\/?page_id=25"},"modified":"2020-03-30T10:51:50","modified_gmt":"2020-03-30T10:51:50","slug":"raeumlichkeiten","status":"publish","type":"page","link":"https:\/\/www.spanferkelservice-brinckmann.de\/?page_id=25","title":{"rendered":"R\u00e4umlichkeiten"},"content":{"rendered":"\n<p>Nicht nur die Geschmacksnerven m\u00fcssen angeregt werden. In unseren Mietr\u00e4umen kommen Sie ganz auf Ihre Kosten. Es gibt nichts  sch\u00f6neres, als ein traditionell  zubereitetes Spanferkel in traditionell warmen Ambiente zu genie\u00dfen.<br>Bei uns hei\u00dft es \u201eWohlf\u00fchlen\u201c in allen Hinsichten. Gerade das Rustikale macht es so liebenswert und gem\u00fctlich. <\/p>\n\n\n","protected":false},"excerpt":{"rendered":"<p>Nicht nur die Geschmacksnerven m\u00fcssen angeregt werden. In unseren Mietr\u00e4umen kommen Sie ganz auf Ihre Kosten. Es gibt nichts  sch\u00f6neres, als ein traditionell  zubereitetes Spanferkel in traditionell warmen &#8230;<\/p>\n","protected":false},"author":1,"featured_media":0,"parent":0,"menu_order":0,"comment_status":"closed","ping_status":"closed","template":"","meta":{"footnotes":""},"class_list":["post-25","page","type-page","status-publish","hentry"],"jetpack_sharing_enabled":true,"_links":{"self":[{"href":"https:\/\/www.spanferkelservice-brinckmann.de\/index.php?rest_route=\/wp\/v2\/pages\/25","targetHints":{"allow":["GET"]}}],"collection":[{"href":"https:\/\/www.spanferkelservice-brinckmann.de\/index.php?rest_route=\/wp\/v2\/pages"}],"about":[{"href":"https:\/\/www.spanferkelservice-brinckmann.de\/index.php?rest_route=\/wp\/v2\/types\/page"}],"author":[{"embeddable":true,"href":"https:\/\/www.spanferkelservice-brinckmann.de\/index.php?rest_route=\/wp\/v2\/users\/1"}],"replies":[{"embeddable":true,"href":"https:\/\/www.spanferkelservice-brinckmann.de\/index.php?rest_route=%2Fwp%2Fv2%2Fcomments&post=25"}],"version-history":[{"count":3,"href":"https:\/\/www.spanferkelservice-brinckmann.de\/index.php?rest_route=\/wp\/v2\/pages\/25\/revisions"}],"predecessor-version":[{"id":63,"href":"https:\/\/www.spanferkelservice-brinckmann.de\/index.php?rest_route=\/wp\/v2\/pages\/25\/revisions\/63"}],"wp:attachment":[{"href":"https:\/\/www.spanferkelservice-brinckmann.de\/index.php?rest_route=%2Fwp%2Fv2%2Fmedia&parent=25"}],"curies":[{"name":"wp","href":"https:\/\/api.w.org\/{rel}","templated":true}]}}