{"id":27,"date":"2020-03-30T10:13:05","date_gmt":"2020-03-30T10:13:05","guid":{"rendered":"http:\/\/neu.spanferkelservice-brinckmann.de\/?page_id=27"},"modified":"2020-04-07T10:01:18","modified_gmt":"2020-04-07T10:01:18","slug":"impressum","status":"publish","type":"page","link":"https:\/\/www.spanferkelservice-brinckmann.de\/?page_id=27","title":{"rendered":"Impressum"},"content":{"rendered":"\n<p>Spanferkelservice GbR vertretungsberechtigter Gesellschafter:\u00a0<\/p>\n\n\n\n<p>Klaus Brinckmann und Silke Maa\u00df<\/p>\n\n\n\n<ul class=\"wp-block-list\"><li>Segeberger Chaussee 17<\/li><li>23816 Leezen<\/li><li>Krems 1<\/li><li>Telefon: 04552 &#8211; 282<\/li><li>Fax: 04552 &#8211; 282<\/li><\/ul>\n\n\n\n<p>E-Mail:  <a href=\"javascript:x5engine.utils.emailTo('124222222243431','e.dmannckinbre-icrvserkelnfe@spanfoi','Onlineanfrage','')\">info@spanferkelservice-brinckmann.de<\/a><br>Web:  <a href=\"https:\/\/www.spanferkelservice-brinckmann.de\/willkommen.html\">www.spanferkelservice-brinckmann.de<\/a><\/p>\n\n\n\n<p>Gewerberegister Leezen,  01060053 200259  <\/p>\n\n\n\n<p>Ust-IdNr: DE1128169505<\/p>\n\n\n\n<p>W-IdNr: 1122501830<\/p>\n\n\n\n<p><br><strong> Haftung f\u00fcr Inhalte<\/strong>  Die Inhalte unserer Seiten wurden mit gr\u00f6\u00dfter Sorgfalt erstellt. F\u00fcr  die Richtigkeit,  Vollst\u00e4ndigkeit und Aktualit\u00e4t der Inhalte k\u00f6nnen wir  jedoch keine Gew\u00e4hr \u00fcbernehmen.  Als Diensteanbieter sind wir gem\u00e4\u00df \u00a7 7  Abs.1 TMG f\u00fcr eigene Inhalte auf diesen Seiten  nach den allgemeinen  Gesetzen verantwortlich. Nach \u00a7\u00a7 8 bis 10 TMG sind wir als  Diensteanbieter  jedoch nicht verpflichtet, \u00fcbermittelte oder  gespeicherte fremde Informationen zu \u00fcberwachen  oder nach Umst\u00e4nden zu  forschen, die auf eine rechtswidrige T\u00e4tigkeit hinweisen.   Verpflichtungen zur Entfernung oder Sperrung der Nutzung von  Informationen nach den allgemeinen  Gesetzen bleiben hiervon unber\u00fchrt.  Eine diesbez\u00fcgliche Haftung ist jedoch erst ab dem Zeitpunkt  der  Kenntnis einer konkreten Rechtsverletzung m\u00f6glich. Bei Bekanntwerden von  entsprechenden  Rechtsverletzungen werden wir diese Inhalte umgehend  entfernen.<\/p>\n\n\n\n<p><br><strong>Datenschutz<\/strong>   Die Nutzung unserer Webseite ist in der Regel ohne eine Angabe   personenbezogener Daten m\u00f6glich. Soweit auf unseren Seiten   personenbezogene Daten (beispielsweise Name, Anschrift oder   E-Mail-Adresse) erhoben werden, erfolgt dies \u2013 soweit es m\u00f6glich ist\u2013   immer auf freiwilliger Basis. Wir geben Ihre Daten ohne Ihre   ausdr\u00fcckliche Zustimmung nicht an Dritte weiter. Au\u00dferdem weisen wir Sie   darauf hin, dass die Daten\u00fcbertragung im Internet (wie beispielsweise   bei der Kommunikation \u00fcber E-Mail) Sicherheitsl\u00fccken aufweisen kann.   Denn ein l\u00fcckenloser Schutz der Daten vor dem Zugriff durch Dritte ist   nicht m\u00f6glich. Wir widersprechen hiermit ausdr\u00fccklich der Nutzung von im   Rahmen der Impressumspflicht ver\u00f6ffentlichten Kontaktdaten durch  Dritte  zur \u00dcbersendung von nicht ausdr\u00fccklich angeforderter Werbung und   Informationsmaterialien. Die Betreiber dieser Seiten behalten sich   ausdr\u00fccklich vor, im Fall der unverlangten Zusendung von   Werbeinformationen, etwa durch Spam-Mails, rechtliche Schritte   einzuleiten.<\/p>\n\n\n\n<p><strong>Google AdSense<\/strong>   Diese Website benutzt Google Adsense, einen Webanzeigendienst der  Google Inc., USA (&#8222;Google&#8220;).  Google Adsense verwendet sog. &#8222;Cookies&#8220;  (Textdateien), die auf Ihrem Computer gespeichert werden  und die eine  Analyse der Benutzung der Website durch Sie erm\u00f6glicht.  Google Adsense  verwendet auch sog. &#8222;Web Beacons&#8220; (kleine unsichtbare Grafiken) zur  Sammlung von Informationen.  Durch die Verwendung des Web Beacons k\u00f6nnen  einfache Aktionen wie der Besucherverkehr auf der Webseite a  ufgezeichnet und gesammelt werden. Die durch den Cookie und\/oder Web  Beacon erzeugten Informationen \u00fcber  Ihre Benutzung diese Website  (einschlie\u00dflich Ihrer IP-Adresse) werden an einen Server von Google in  den USA  \u00fcbertragen und dort gespeichert. Google wird diese  Informationen benutzen, um Ihre Nutzung der Website im  Hinblick auf die  Anzeigen auszuwerten, um Reports \u00fcber die Websiteaktivit\u00e4ten und  Anzeigen f\u00fcr die Websitebetreiber  zusammenzustellen und um weitere mit  der Websitenutzung und der Internetnutzung verbundene Dienstleistungen  zu erbringen.  Auch wird Google diese Informationen gegebenenfalls an  Dritte \u00fcbertragen, sofern dies gesetzlich vorgeschrieben  oder soweit  Dritte diese Daten im Auftrag von Google verarbeiten. Google wird in  keinem Fall Ihre IP-Adresse mit  anderen Daten der Google in Verbindung  bringen. Das Speichern von Cookies auf Ihrer Festplatte und die Anzeige   von Web Beacons k\u00f6nnen Sie verhindern, indem Sie in Ihren  Browser-Einstellungen &#8222;keine Cookies akzeptieren&#8220;  w\u00e4hlen (Im MS  Internet-Explorer unter &#8222;Extras &gt; Internetoptionen &gt; Datenschutz  &gt; Einstellung&#8220;;  im Firefox unter &#8222;Extras &gt; Einstellungen &gt;  Datenschutz &gt; Cookies&#8220;); wir weisen Sie jedoch darauf hin,  dass Sie  in diesem Fall gegebenenfalls nicht s\u00e4mtliche Funktionen dieser Website  voll umf\u00e4nglich nutzen k\u00f6nnen.  Durch die Nutzung dieser Website  erkl\u00e4ren Sie sich mit der Bearbeitung der \u00fcber Sie erhobenen Daten durch  Google  in der zuvor beschriebenen Art und Weise und zu dem zuvor  benannten Zweck einverstanden.<\/p>\n\n\n\n<p><br><strong> Google Analytics<\/strong>   Diese Website benutzt Google Analytics, einen Webanalysedienst der  Google Inc. (&#8220;Google&#8220;).  Google Analytics verwendet sog. &#8220;Cookies&#8220;,  Textdateien, die auf Ihrem Computer gespeichert werden  und die eine  Analyse der Benutzung der Website durch Sie erm\u00f6glicht. Die durch den  Cookie erzeugten  Informationen \u00fcber Ihre Benutzung diese Website  (einschlie\u00dflich Ihrer IP-Adresse) wird an einen Server  von Google in  den USA \u00fcbertragen und dort gespeichert. Google wird diese Informationen  benutzen,  um Ihre Nutzung der Website auszuwerten, um Reports \u00fcber die  Websiteaktivit\u00e4ten f\u00fcr die Websitebetreiber  zusammenzustellen und um  weitere mit der Websitenutzung und der Internetnutzung verbundene   Dienstleistungen zu erbringen. Auch wird Google diese Informationen  gegebenenfalls an Dritte \u00fcbertragen,  sofern dies gesetzlich  vorgeschrieben oder soweit Dritte diese Daten im Auftrag von Google  verarbeiten.  Google wird in keinem Fall Ihre IP-Adresse mit anderen  Daten der Google in Verbindung bringen.  Sie k\u00f6nnen die Installation der  Cookies durch eine entsprechende Einstellung Ihrer Browser Software   verhindern; wir weisen Sie jedoch darauf hin, dass Sie in diesem Fall  gegebenenfalls nicht s\u00e4mtliche  Funktionen dieser Website voll  umf\u00e4nglich nutzen k\u00f6nnen. Durch die Nutzung dieser Website erkl\u00e4ren  Sie  sich mit der Bearbeitung der \u00fcber Sie erhobenen Daten durch Google in  der zuvor beschriebenen Art  und Weise und zu dem zuvor benannten Zweck  einverstanden.  Sie k\u00f6nnen der Erhebung und Speicherung Ihrer Daten  jederzeit widersprechen.  Diese Website benutzt Google Analytics mit der Zusatzfunktion   \u201eanonymizeIP()\u201c. Dies bedeutet, dass IP-Adressen nicht vollst\u00e4ndig,   sondern nur gek\u00fcrzt gespeichert und verarbeitet werden, um einen   direkten R\u00fcckschluss auf die Person auszuschlie\u00dfen.<\/p>\n\n\n\n<p><em>Gratis Impressum von agb.de<\/em><\/p>\n","protected":false},"excerpt":{"rendered":"<p>Spanferkelservice GbR vertretungsberechtigter Gesellschafter:\u00a0<\/p>\n<p>Klaus Brinckmann und Silke Maa\u00df<\/p>\n<p>Segeberger Chaussee 1723816 LeezenKrems 1Telefon: 04552 &#8211; 282Fax: 04552 &#8211; 282<\/p>\n<p>E-Mail:  <a href=\"javascript:x5engine.utils.emailTo('124222222243431','e.dmannckinbre-icrvserkelnfe@spanfoi','Onlineanfrage','')\">info@spanferkelservice-brinckmann.de<\/a>Web:  <a href=\"https:\/\/www.spanferkelservice-brinckmann.de\/willkommen.html\">www.spanferkelservice-brinckmann.de<\/a><\/p>\n<p>Gewerberegister Leezen,  01060053 200259  <\/p>\n<p>Ust-IdNr: &#8230;<\/p>\n","protected":false},"author":1,"featured_media":0,"parent":0,"menu_order":0,"comment_status":"closed","ping_status":"closed","template":"","meta":{"footnotes":""},"class_list":["post-27","page","type-page","status-publish","hentry"],"jetpack_sharing_enabled":true,"_links":{"self":[{"href":"https:\/\/www.spanferkelservice-brinckmann.de\/index.php?rest_route=\/wp\/v2\/pages\/27","targetHints":{"allow":["GET"]}}],"collection":[{"href":"https:\/\/www.spanferkelservice-brinckmann.de\/index.php?rest_route=\/wp\/v2\/pages"}],"about":[{"href":"https:\/\/www.spanferkelservice-brinckmann.de\/index.php?rest_route=\/wp\/v2\/types\/page"}],"author":[{"embeddable":true,"href":"https:\/\/www.spanferkelservice-brinckmann.de\/index.php?rest_route=\/wp\/v2\/users\/1"}],"replies":[{"embeddable":true,"href":"https:\/\/www.spanferkelservice-brinckmann.de\/index.php?rest_route=%2Fwp%2Fv2%2Fcomments&post=27"}],"version-history":[{"count":4,"href":"https:\/\/www.spanferkelservice-brinckmann.de\/index.php?rest_route=\/wp\/v2\/pages\/27\/revisions"}],"predecessor-version":[{"id":182,"href":"https:\/\/www.spanferkelservice-brinckmann.de\/index.php?rest_route=\/wp\/v2\/pages\/27\/revisions\/182"}],"wp:attachment":[{"href":"https:\/\/www.spanferkelservice-brinckmann.de\/index.php?rest_route=%2Fwp%2Fv2%2Fmedia&parent=27"}],"curies":[{"name":"wp","href":"https:\/\/api.w.org\/{rel}","templated":true}]}}